{"id":11927,"date":"2023-09-19T13:41:42","date_gmt":"2023-09-19T17:41:42","guid":{"rendered":"https:\/\/galagutenberg.ca\/?page_id=11927"},"modified":"2024-09-03T11:31:10","modified_gmt":"2024-09-03T15:31:10","slug":"politique-de-confidentialite","status":"publish","type":"page","link":"https:\/\/galagutenberg.ca\/en\/politique-de-confidentialite\/","title":{"rendered":"Privacy policy\u2028"},"content":{"rendered":"<div data-elementor-type=\"wp-page\" data-elementor-id=\"11927\" class=\"elementor elementor-11927\" data-elementor-post-type=\"page\">\n\t\t\t\t<div class=\"elementor-element elementor-element-4c823e4 e-flex e-con-boxed e-con e-parent\" data-id=\"4c823e4\" data-element_type=\"container\" data-e-type=\"container\">\n\t\t\t\t\t<div class=\"e-con-inner\">\n\t\t\t\t<div class=\"elementor-element elementor-element-a27a71a elementor-widget elementor-widget-heading\" data-id=\"a27a71a\" data-element_type=\"widget\" data-e-type=\"widget\" data-widget_type=\"heading.default\">\n\t\t\t\t<div class=\"elementor-widget-container\">\n\t\t\t\t\t<h2 class=\"elementor-heading-title elementor-size-default\">PRIVACY POLICY<\/h2>\t\t\t\t<\/div>\n\t\t\t\t<\/div>\n\t\t\t\t<div class=\"elementor-element elementor-element-bf038a2 elementor-widget-divider--view-line elementor-widget elementor-widget-divider\" data-id=\"bf038a2\" data-element_type=\"widget\" data-e-type=\"widget\" data-widget_type=\"divider.default\">\n\t\t\t\t<div class=\"elementor-widget-container\">\n\t\t\t\t\t\t\t<div class=\"elementor-divider\">\n\t\t\t<span class=\"elementor-divider-separator\">\n\t\t\t\t\t\t<\/span>\n\t\t<\/div>\n\t\t\t\t\t\t<\/div>\n\t\t\t\t<\/div>\n\t\t\t\t\t<\/div>\n\t\t\t\t<\/div>\n\t\t<div class=\"elementor-element elementor-element-b2a8894 e-flex e-con-boxed e-con e-parent\" data-id=\"b2a8894\" data-element_type=\"container\" data-e-type=\"container\">\n\t\t\t\t\t<div class=\"e-con-inner\">\n\t\t<div class=\"elementor-element elementor-element-dd6c465 e-con-full e-flex e-con e-child\" data-id=\"dd6c465\" data-element_type=\"container\" data-e-type=\"container\">\n\t\t\t\t<div class=\"elementor-element elementor-element-ccba1f9 elementor-widget elementor-widget-text-editor\" data-id=\"ccba1f9\" data-element_type=\"widget\" data-e-type=\"widget\" data-widget_type=\"text-editor.default\">\n\t\t\t\t<div class=\"elementor-widget-container\">\n\t\t\t\t\t\t\t\t\t<h3 class=\"p1\"><strong><span class=\"s1\">Privacy policy\u2028<\/span><\/strong><\/h3><p class=\"p1\"><span class=\"s1\">The Gala Gutenberg takes all necessary precautions to ensure the confidentiality of the personal information entrusted to it and acts in accordance with the Act respecting access to documents held by public bodies and protection of personal information.<\/span><\/p><h3 class=\"p1\"><strong><span class=\"s1\">What you need to know\u2026\u2028<\/span><\/strong><\/h3><p class=\"p1\"><span class=\"s1\">When accessing the Gala Gutenberg website, information is automatically exchanged between the site\u2019s server and users\u2019 computers, without the users having to intervene. However, this information does not include personal information. Only the following information is transmitted to ensure the compatibility of the files exchanged:<\/span><\/p><ul class=\"ul1\"><li class=\"li2\"><p><span class=\"s1\">Internet domain name and IP * address or website address from which the Gala Gutenberg site was accessed;<\/span><\/p><\/li><li class=\"li2\"><p><span class=\"s1\">The type of browser and operating system used;<\/span><\/p><\/li><li class=\"li2\"><p><span class=\"s1\">The date and time of access;<\/span><\/p><\/li><li class=\"li2\"><p><span class=\"s1\">The different pages visited.<\/span><\/p><\/li><\/ul><p class=\"p1\"><span class=\"s1\">Remarketing is used in carrying out advertising campaigns aimed at targeting the interests of users where third party vendors, including Google, serve our ads on websites. Gala Gutenberg and third-party providers, including Google, use first-party cookies (such as the Google Analytics cookie) and third-party cookies (such as the DoubleClick cookie) in parallel to obtain information, and to optimize and distribute announcements based on the sessions performed on the site by an Internet user.\u2028<\/span><\/p><p class=\"p1\"><span class=\"s2\"><i>* An IP address consists of a numeric code that uniquely identifies a computer connected to the Internet network and allows its location.<\/i><\/span><\/p><h3 class=\"p1\"><strong><span class=\"s1\">Use for technological and statistical purposes\u2028<\/span><\/strong><\/h3><p class=\"p1\"><span class=\"s1\">Only the information enabling it to count the number of visitors to its website, the most visited pages, the technology used, the referral sites and the country of origin of Internet users is kept by the Gala Gutenberg. This information is only collected for technological reasons inherent in Internet browsing and is only used for statistical purposes. No personally identifiable information about users of its website is transmitted to Gala Gutenberg.<\/span><\/p><h3 class=\"p1\"><strong><span class=\"s1\">Transmission of personal information\u2028<\/span><\/strong><\/h3><p class=\"p1\"><span class=\"s1\">Personal information collected by the Gala Gutenberg is processed in accordance with the <a href=\"https:\/\/www.legisquebec.gouv.qc.ca\/en\/document\/cs\/A-2.1\" target=\"_blank\" rel=\"noopener\"><span class=\"s3\">Act respecting access to documents held by public bodies and the protection of personal information<\/span><\/a>.<br \/>In accordance with the requirements of the Act, only the information necessary to respond to a user\u2019s message and follow it up is used among the personal information sent to the Gala Gutenberg by means of an electronic form or an email.<br \/>In addition, no personal information transmitted to Gala Gutenberg is communicated to any other government agency, unless the request is made to that agency or such communication is required by law. In no case will the information transmitted be used to draw up user profiles or be transmitted to a private body.<\/span><\/p><h3 class=\"p1\"><strong><span class=\"s1\">Links to other sites\u2028<\/span><\/strong><\/h3><p class=\"p1\"><span class=\"s1\">Gala Gutenberg is not responsible for the content of any websites it may refer users of its own site to, nor is it for their privacy policies.<\/span><\/p><p class=\"p1\"><span class=\"s1\">Responsible for the protection of personal information : \u2028\u00a0<br \/>Ren\u00e9 Beaulieu<br \/><a href=\"mailto:rene.beaulieu@i-ci.ca\"><span class=\"s3\">rene.beaulieu@i-ci.ca<\/span><\/a><\/span><\/p>\t\t\t\t\t\t\t\t<\/div>\n\t\t\t\t<\/div>\n\t\t\t\t<\/div>\n\t\t\t\t\t<\/div>\n\t\t\t\t<\/div>\n\t\t\t\t<\/div>","protected":false},"excerpt":{"rendered":"<p>POLITIQUE DE CONFIDENTIALIT\u00c9 Politique de confidentialit\u00e9 Le Gala Gutenberg prend toutes les pr\u00e9cautions n\u00e9cessaires afin d\u2019assurer la confidentialit\u00e9 des renseignements personnels qui lui sont confi\u00e9s et agit en conformit\u00e9 avec la Loi sur l\u2019acc\u00e8s aux documents des organismes publics et sur la protection des renseignements personnels. Ce que vous devez savoir\u2026 Lorsqu\u2019on acc\u00e8de au site [&hellip;]<\/p>\n","protected":false},"author":3,"featured_media":0,"parent":0,"menu_order":0,"comment_status":"closed","ping_status":"closed","template":"","meta":{"site-sidebar-layout":"no-sidebar","site-content-layout":"page-builder","ast-site-content-layout":"full-width-container","site-content-style":"unboxed","site-sidebar-style":"unboxed","ast-global-header-display":"","ast-banner-title-visibility":"","ast-main-header-display":"","ast-hfb-above-header-display":"","ast-hfb-below-header-display":"","ast-hfb-mobile-header-display":"","site-post-title":"disabled","ast-breadcrumbs-content":"","ast-featured-img":"disabled","footer-sml-layout":"","ast-disable-related-posts":"","theme-transparent-header-meta":"default","adv-header-id-meta":"","stick-header-meta":"","header-above-stick-meta":"","header-main-stick-meta":"","header-below-stick-meta":"","astra-migrate-meta-layouts":"set","ast-page-background-enabled":"default","ast-page-background-meta":{"desktop":{"background-color":"","background-image":"","background-repeat":"repeat","background-position":"center center","background-size":"auto","background-attachment":"scroll","background-type":"","background-media":"","overlay-type":"","overlay-color":"","overlay-opacity":"","overlay-gradient":""},"tablet":{"background-color":"","background-image":"","background-repeat":"repeat","background-position":"center center","background-size":"auto","background-attachment":"scroll","background-type":"","background-media":"","overlay-type":"","overlay-color":"","overlay-opacity":"","overlay-gradient":""},"mobile":{"background-color":"","background-image":"","background-repeat":"repeat","background-position":"center center","background-size":"auto","background-attachment":"scroll","background-type":"","background-media":"","overlay-type":"","overlay-color":"","overlay-opacity":"","overlay-gradient":""}},"ast-content-background-meta":{"desktop":{"background-color":"var(--ast-global-color-5)","background-image":"","background-repeat":"repeat","background-position":"center center","background-size":"auto","background-attachment":"scroll","background-type":"","background-media":"","overlay-type":"","overlay-color":"","overlay-opacity":"","overlay-gradient":""},"tablet":{"background-color":"var(--ast-global-color-5)","background-image":"","background-repeat":"repeat","background-position":"center center","background-size":"auto","background-attachment":"scroll","background-type":"","background-media":"","overlay-type":"","overlay-color":"","overlay-opacity":"","overlay-gradient":""},"mobile":{"background-color":"var(--ast-global-color-5)","background-image":"","background-repeat":"repeat","background-position":"center center","background-size":"auto","background-attachment":"scroll","background-type":"","background-media":"","overlay-type":"","overlay-color":"","overlay-opacity":"","overlay-gradient":""}},"ngg_post_thumbnail":0,"footnotes":""},"class_list":["post-11927","page","type-page","status-publish","hentry"],"yoast_head":"<!-- This site is optimized with the Yoast SEO plugin v27.4 - https:\/\/yoast.com\/product\/yoast-seo-wordpress\/ -->\n<title>Politique de confidentialit\u00e9 - Gala Gutenberg<\/title>\n<meta name=\"robots\" content=\"index, follow, max-snippet:-1, max-image-preview:large, max-video-preview:-1\" \/>\n<link rel=\"canonical\" href=\"https:\/\/galagutenberg.ca\/en\/politique-de-confidentialite\/\" \/>\n<meta property=\"og:locale\" content=\"en_US\" \/>\n<meta property=\"og:type\" content=\"article\" \/>\n<meta property=\"og:title\" content=\"Politique de confidentialit\u00e9 - Gala Gutenberg\" \/>\n<meta property=\"og:description\" content=\"POLITIQUE DE CONFIDENTIALIT\u00c9 Politique de confidentialit\u00e9 Le Gala Gutenberg prend toutes les pr\u00e9cautions n\u00e9cessaires afin d\u2019assurer la confidentialit\u00e9 des renseignements personnels qui lui sont confi\u00e9s et agit en conformit\u00e9 avec la Loi sur l\u2019acc\u00e8s aux documents des organismes publics et sur la protection des renseignements personnels. Ce que vous devez savoir\u2026 Lorsqu\u2019on acc\u00e8de au site [&hellip;]\" \/>\n<meta property=\"og:url\" content=\"https:\/\/galagutenberg.ca\/en\/politique-de-confidentialite\/\" \/>\n<meta property=\"og:site_name\" content=\"Gala Gutenberg\" \/>\n<meta property=\"article:modified_time\" content=\"2024-09-03T15:31:10+00:00\" \/>\n<meta name=\"twitter:card\" content=\"summary_large_image\" \/>\n<meta name=\"twitter:label1\" content=\"Est. reading time\" \/>\n\t<meta name=\"twitter:data1\" content=\"3 minutes\" \/>\n<script type=\"application\/ld+json\" class=\"yoast-schema-graph\">{\"@context\":\"https:\\\/\\\/schema.org\",\"@graph\":[{\"@type\":\"WebPage\",\"@id\":\"https:\\\/\\\/galagutenberg.ca\\\/politique-de-confidentialite\\\/\",\"url\":\"https:\\\/\\\/galagutenberg.ca\\\/politique-de-confidentialite\\\/\",\"name\":\"Politique de confidentialit\u00e9 - Gala Gutenberg\",\"isPartOf\":{\"@id\":\"https:\\\/\\\/galagutenberg.ca\\\/#website\"},\"datePublished\":\"2023-09-19T17:41:42+00:00\",\"dateModified\":\"2024-09-03T15:31:10+00:00\",\"breadcrumb\":{\"@id\":\"https:\\\/\\\/galagutenberg.ca\\\/politique-de-confidentialite\\\/#breadcrumb\"},\"inLanguage\":\"en-CA\",\"potentialAction\":[{\"@type\":\"ReadAction\",\"target\":[\"https:\\\/\\\/galagutenberg.ca\\\/politique-de-confidentialite\\\/\"]}]},{\"@type\":\"BreadcrumbList\",\"@id\":\"https:\\\/\\\/galagutenberg.ca\\\/politique-de-confidentialite\\\/#breadcrumb\",\"itemListElement\":[{\"@type\":\"ListItem\",\"position\":1,\"name\":\"Accueil\",\"item\":\"https:\\\/\\\/galagutenberg.ca\\\/\"},{\"@type\":\"ListItem\",\"position\":2,\"name\":\"Politique de confidentialit\u00e9\"}]},{\"@type\":\"WebSite\",\"@id\":\"https:\\\/\\\/galagutenberg.ca\\\/#website\",\"url\":\"https:\\\/\\\/galagutenberg.ca\\\/\",\"name\":\"Gala Gutenberg\",\"description\":\"\",\"potentialAction\":[{\"@type\":\"SearchAction\",\"target\":{\"@type\":\"EntryPoint\",\"urlTemplate\":\"https:\\\/\\\/galagutenberg.ca\\\/?s={search_term_string}\"},\"query-input\":{\"@type\":\"PropertyValueSpecification\",\"valueRequired\":true,\"valueName\":\"search_term_string\"}}],\"inLanguage\":\"en-CA\"}]}<\/script>\n<!-- \/ Yoast SEO plugin. -->","yoast_head_json":{"title":"Politique de confidentialit\u00e9 - Gala Gutenberg","robots":{"index":"index","follow":"follow","max-snippet":"max-snippet:-1","max-image-preview":"max-image-preview:large","max-video-preview":"max-video-preview:-1"},"canonical":"https:\/\/galagutenberg.ca\/en\/politique-de-confidentialite\/","og_locale":"en_US","og_type":"article","og_title":"Politique de confidentialit\u00e9 - Gala Gutenberg","og_description":"POLITIQUE DE CONFIDENTIALIT\u00c9 Politique de confidentialit\u00e9 Le Gala Gutenberg prend toutes les pr\u00e9cautions n\u00e9cessaires afin d\u2019assurer la confidentialit\u00e9 des renseignements personnels qui lui sont confi\u00e9s et agit en conformit\u00e9 avec la Loi sur l\u2019acc\u00e8s aux documents des organismes publics et sur la protection des renseignements personnels. Ce que vous devez savoir\u2026 Lorsqu\u2019on acc\u00e8de au site [&hellip;]","og_url":"https:\/\/galagutenberg.ca\/en\/politique-de-confidentialite\/","og_site_name":"Gala Gutenberg","article_modified_time":"2024-09-03T15:31:10+00:00","twitter_card":"summary_large_image","twitter_misc":{"Est. reading time":"3 minutes"},"schema":{"@context":"https:\/\/schema.org","@graph":[{"@type":"WebPage","@id":"https:\/\/galagutenberg.ca\/politique-de-confidentialite\/","url":"https:\/\/galagutenberg.ca\/politique-de-confidentialite\/","name":"Politique de confidentialit\u00e9 - Gala Gutenberg","isPartOf":{"@id":"https:\/\/galagutenberg.ca\/#website"},"datePublished":"2023-09-19T17:41:42+00:00","dateModified":"2024-09-03T15:31:10+00:00","breadcrumb":{"@id":"https:\/\/galagutenberg.ca\/politique-de-confidentialite\/#breadcrumb"},"inLanguage":"en-CA","potentialAction":[{"@type":"ReadAction","target":["https:\/\/galagutenberg.ca\/politique-de-confidentialite\/"]}]},{"@type":"BreadcrumbList","@id":"https:\/\/galagutenberg.ca\/politique-de-confidentialite\/#breadcrumb","itemListElement":[{"@type":"ListItem","position":1,"name":"Accueil","item":"https:\/\/galagutenberg.ca\/"},{"@type":"ListItem","position":2,"name":"Politique de confidentialit\u00e9"}]},{"@type":"WebSite","@id":"https:\/\/galagutenberg.ca\/#website","url":"https:\/\/galagutenberg.ca\/","name":"Gala Gutenberg","description":"","potentialAction":[{"@type":"SearchAction","target":{"@type":"EntryPoint","urlTemplate":"https:\/\/galagutenberg.ca\/?s={search_term_string}"},"query-input":{"@type":"PropertyValueSpecification","valueRequired":true,"valueName":"search_term_string"}}],"inLanguage":"en-CA"}]}},"_links":{"self":[{"href":"https:\/\/galagutenberg.ca\/en\/wp-json\/wp\/v2\/pages\/11927","targetHints":{"allow":["GET"]}}],"collection":[{"href":"https:\/\/galagutenberg.ca\/en\/wp-json\/wp\/v2\/pages"}],"about":[{"href":"https:\/\/galagutenberg.ca\/en\/wp-json\/wp\/v2\/types\/page"}],"author":[{"embeddable":true,"href":"https:\/\/galagutenberg.ca\/en\/wp-json\/wp\/v2\/users\/3"}],"replies":[{"embeddable":true,"href":"https:\/\/galagutenberg.ca\/en\/wp-json\/wp\/v2\/comments?post=11927"}],"version-history":[{"count":90,"href":"https:\/\/galagutenberg.ca\/en\/wp-json\/wp\/v2\/pages\/11927\/revisions"}],"predecessor-version":[{"id":14813,"href":"https:\/\/galagutenberg.ca\/en\/wp-json\/wp\/v2\/pages\/11927\/revisions\/14813"}],"wp:attachment":[{"href":"https:\/\/galagutenberg.ca\/en\/wp-json\/wp\/v2\/media?parent=11927"}],"curies":[{"name":"wp","href":"https:\/\/api.w.org\/{rel}","templated":true}]}}