{"id":71,"date":"2020-07-08T19:14:23","date_gmt":"2020-07-08T19:14:23","guid":{"rendered":"https:\/\/galagutenberg.ca\/?page_id=71"},"modified":"2026-01-12T15:18:06","modified_gmt":"2026-01-12T19:18:06","slug":"plan-de-partenariat","status":"publish","type":"page","link":"https:\/\/galagutenberg.ca\/en\/plan-de-partenariat\/","title":{"rendered":"Sponsorship Plan"},"content":{"rendered":"<div data-elementor-type=\"wp-page\" data-elementor-id=\"71\" class=\"elementor elementor-71\" data-elementor-post-type=\"page\">\n\t\t\t\t<div class=\"elementor-element elementor-element-748318f e-flex e-con-boxed e-con e-parent\" data-id=\"748318f\" data-element_type=\"container\" data-e-type=\"container\">\n\t\t\t\t\t<div class=\"e-con-inner\">\n\t\t<div class=\"elementor-element elementor-element-0bf7e3a e-con-full e-flex e-con e-child\" data-id=\"0bf7e3a\" data-element_type=\"container\" data-e-type=\"container\">\n\t\t\t\t<div class=\"elementor-element elementor-element-9ba3399 elementor-widget elementor-widget-heading\" data-id=\"9ba3399\" data-element_type=\"widget\" data-e-type=\"widget\" data-widget_type=\"heading.default\">\n\t\t\t\t<div class=\"elementor-widget-container\">\n\t\t\t\t\t<h1 class=\"elementor-heading-title elementor-size-default\">SPONSORSHIP PLAN<\/h1>\t\t\t\t<\/div>\n\t\t\t\t<\/div>\n\t\t\t\t<\/div>\n\t\t<div class=\"elementor-element elementor-element-9f0f85c e-con-full e-flex e-con e-child\" data-id=\"9f0f85c\" data-element_type=\"container\" data-e-type=\"container\" data-settings=\"{&quot;background_background&quot;:&quot;classic&quot;}\">\n\t\t\t\t<div class=\"elementor-element elementor-element-4d65f95 elementor-align-center elementor-widget elementor-widget-button\" data-id=\"4d65f95\" data-element_type=\"widget\" data-e-type=\"widget\" data-widget_type=\"button.default\">\n\t\t\t\t<div class=\"elementor-widget-container\">\n\t\t\t\t\t\t\t\t\t<div class=\"elementor-button-wrapper\">\n\t\t\t\t\t<a class=\"elementor-button elementor-button-link elementor-size-sm\" href=\"https:\/\/galagutenberg.ca\/wp-content\/uploads\/2024\/06\/ANG_Gutenberg_partnership_2026.pdf\" target=\"_blank\" id=\"plan-partenariat\">\n\t\t\t\t\t\t<span class=\"elementor-button-content-wrapper\">\n\t\t\t\t\t\t\t\t\t<span class=\"elementor-button-text\">View the 2026 sponsorship plan<\/span>\n\t\t\t\t\t<\/span>\n\t\t\t\t\t<\/a>\n\t\t\t\t<\/div>\n\t\t\t\t\t\t\t\t<\/div>\n\t\t\t\t<\/div>\n\t\t\t\t<\/div>\n\t\t\t\t\t<\/div>\n\t\t\t\t<\/div>\n\t\t<div class=\"elementor-element elementor-element-0203ff4 e-flex e-con-boxed e-con e-parent\" data-id=\"0203ff4\" data-element_type=\"container\" data-e-type=\"container\">\n\t\t\t\t\t<div class=\"e-con-inner\">\n\t\t\t\t<div class=\"elementor-element elementor-element-8e06740 elementor-widget-divider--view-line elementor-widget elementor-widget-divider\" data-id=\"8e06740\" data-element_type=\"widget\" data-e-type=\"widget\" data-widget_type=\"divider.default\">\n\t\t\t\t<div class=\"elementor-widget-container\">\n\t\t\t\t\t\t\t<div class=\"elementor-divider\">\n\t\t\t<span class=\"elementor-divider-separator\">\n\t\t\t\t\t\t<\/span>\n\t\t<\/div>\n\t\t\t\t\t\t<\/div>\n\t\t\t\t<\/div>\n\t\t\t\t\t<\/div>\n\t\t\t\t<\/div>\n\t\t<div class=\"elementor-element elementor-element-67c35c0 e-flex e-con-boxed elementor-invisible e-con e-parent\" data-id=\"67c35c0\" data-element_type=\"container\" data-e-type=\"container\" data-settings=\"{&quot;animation&quot;:&quot;slideInUp&quot;}\">\n\t\t\t\t\t<div class=\"e-con-inner\">\n\t\t<div class=\"elementor-element elementor-element-514f967 e-con-full e-flex e-con e-child\" data-id=\"514f967\" data-element_type=\"container\" data-e-type=\"container\" data-settings=\"{&quot;background_background&quot;:&quot;classic&quot;}\">\n\t\t\t\t<div class=\"elementor-element elementor-element-385ea04 elementor-widget__width-initial elementor-widget elementor-widget-text-editor\" data-id=\"385ea04\" data-element_type=\"widget\" data-e-type=\"widget\" data-widget_type=\"text-editor.default\">\n\t\t\t\t<div class=\"elementor-widget-container\">\n\t\t\t\t\t\t\t\t\t<h3 class=\"translation-block\">The 44<sup>th<\/sup> Gutenberg Gala will take place at March\u00e9 Bonsecours on Thursday, May 28, 2026, and will be THE celebration of our industry in 2026.<\/h3>\t\t\t\t\t\t\t\t<\/div>\n\t\t\t\t<\/div>\n\t\t\t\t<div class=\"elementor-element elementor-element-eb742e6 elementor-widget__width-initial elementor-widget elementor-widget-text-editor\" data-id=\"eb742e6\" data-element_type=\"widget\" data-e-type=\"widget\" data-widget_type=\"text-editor.default\">\n\t\t\t\t<div class=\"elementor-widget-container\">\n\t\t\t\t\t\t\t\t\t<p class=\"translation-block\">On May 29, the 43<sup>rd<\/sup> Gutenberg Gala was held at the Salle de Bal du March\u00e9 Bonsecours in Montreal. More than 450 enthusiasts gathered to celebrate excellence in print!<\/p><p>The cocktail reception, exhibition of pieces, and prestigious Gutenberg awards ceremony took place in a wonderful atmosphere.<\/p><p>The Gutenberg Gala is the premier event of the printing industry. It highlights the talent, creativity, and expertise of its artisans.<\/p><h3>Your support is essential to the success of the Gala.<\/h3><p>We hope you will join us in this great event, this celebration of our wonderful industry! Please feel free to contact us. We welcome your comments and ideas.<\/p><p>The results of Gutenberg 2025, images, and videos of the winners are available under the tab <span style=\"color: #000000;\"><a style=\"color: #000000;\" href=\"https:\/\/galagutenberg.ca\/en\/gala-2025\/\"><b>Gala 2025<\/b><\/a>.\u00a0<\/span><\/p>\t\t\t\t\t\t\t\t<\/div>\n\t\t\t\t<\/div>\n\t\t\t\t<\/div>\n\t\t<div class=\"elementor-element elementor-element-f3f0d98 e-con-full e-flex e-con e-child\" data-id=\"f3f0d98\" data-element_type=\"container\" data-e-type=\"container\">\n\t\t\t\t<div class=\"elementor-element elementor-element-f0b6486 elementor-widget elementor-widget-image\" data-id=\"f0b6486\" data-element_type=\"widget\" data-e-type=\"widget\" data-widget_type=\"image.default\">\n\t\t\t\t<div class=\"elementor-widget-container\">\n\t\t\t\t\t\t\t\t\t\t\t\t\t\t\t<img decoding=\"async\" src=\"https:\/\/galagutenberg.ca\/wp-content\/uploads\/elementor\/thumbs\/G_logo_2026_CMYK-ral2194q61uzppkhrcyv8iptaznda32tr05rclh3b4.png\" title=\"G_logo_2026_CMYK\" alt=\"G_logo_2026_CMYK\" loading=\"lazy\" \/>\t\t\t\t\t\t\t\t\t\t\t\t\t\t\t<\/div>\n\t\t\t\t<\/div>\n\t\t\t\t<\/div>\n\t\t\t\t\t<\/div>\n\t\t\t\t<\/div>\n\t\t\t\t<section class=\"elementor-section elementor-top-section elementor-element elementor-element-6fe2747e elementor-hidden-desktop elementor-hidden-tablet elementor-hidden-mobile elementor-section-boxed elementor-section-height-default elementor-section-height-default\" data-id=\"6fe2747e\" data-element_type=\"section\" data-e-type=\"section\">\n\t\t\t\t\t\t<div class=\"elementor-container elementor-column-gap-default\">\n\t\t\t\t\t<div class=\"elementor-column elementor-col-100 elementor-top-column elementor-element elementor-element-7295ea93\" data-id=\"7295ea93\" data-element_type=\"column\" data-e-type=\"column\">\n\t\t\t<div class=\"elementor-widget-wrap elementor-element-populated\">\n\t\t\t\t\t\t<div class=\"elementor-element elementor-element-ceff22f elementor-widget elementor-widget-page-title\" data-id=\"ceff22f\" data-element_type=\"widget\" data-e-type=\"widget\" data-settings=\"{&quot;align&quot;:&quot;left&quot;}\" data-widget_type=\"page-title.default\">\n\t\t\t\t<div class=\"elementor-widget-container\">\n\t\t\t\t\t\t\t\n\t\t<div class=\"hfe-page-title hfe-page-title-wrapper elementor-widget-heading\">\n\n\t\t\t\t\t\t\t\t<h1 class=\"elementor-heading-title elementor-size-default\">\n\t\t\t\t\t\t\t\t\n\t\t\t\tSponsorship Plan  \n\t\t\t<\/h1> \n\t\t\t\t\t<\/div>\n\t\t\t\t\t\t<\/div>\n\t\t\t\t<\/div>\n\t\t\t\t\t<\/div>\n\t\t<\/div>\n\t\t\t\t\t<\/div>\n\t\t<\/section>\n\t\t\t\t<section class=\"elementor-section elementor-top-section elementor-element elementor-element-501e508 elementor-section-full_width elementor-hidden-desktop elementor-hidden-tablet elementor-hidden-mobile elementor-section-height-default elementor-section-height-default\" data-id=\"501e508\" data-element_type=\"section\" data-e-type=\"section\">\n\t\t\t\t\t\t<div class=\"elementor-container elementor-column-gap-default\">\n\t\t\t\t\t<div class=\"elementor-column elementor-col-100 elementor-top-column elementor-element elementor-element-64b6221\" data-id=\"64b6221\" data-element_type=\"column\" data-e-type=\"column\">\n\t\t\t<div class=\"elementor-widget-wrap elementor-element-populated\">\n\t\t\t\t\t\t<section class=\"elementor-section elementor-inner-section elementor-element elementor-element-c60229f elementor-section-boxed elementor-section-height-default elementor-section-height-default\" data-id=\"c60229f\" data-element_type=\"section\" data-e-type=\"section\">\n\t\t\t\t\t\t<div class=\"elementor-container elementor-column-gap-default\">\n\t\t\t\t\t<div class=\"elementor-column elementor-col-50 elementor-inner-column elementor-element elementor-element-73587f0\" data-id=\"73587f0\" data-element_type=\"column\" data-e-type=\"column\">\n\t\t\t<div class=\"elementor-widget-wrap elementor-element-populated\">\n\t\t\t\t\t\t<div class=\"elementor-element elementor-element-3116d7d elementor-widget elementor-widget-text-editor\" data-id=\"3116d7d\" data-element_type=\"widget\" data-e-type=\"widget\" data-widget_type=\"text-editor.default\">\n\t\t\t\t<div class=\"elementor-widget-container\">\n\t\t\t\t\t\t\t\t\t<h2 style=\"text-align: left;\">The 42<sup>th<\/sup> Gutenberg Gala will be held at\n<span style=\"color: #93cc29;\">March\u00e9 Bonsecours, on Thursday, April 25<\/span>\nand will be THE celebration of our industry in 2024<\/h2>\t\t\t\t\t\t\t\t<\/div>\n\t\t\t\t<\/div>\n\t\t\t\t<div class=\"elementor-element elementor-element-a446351 elementor-widget elementor-widget-text-editor\" data-id=\"a446351\" data-element_type=\"widget\" data-e-type=\"widget\" data-widget_type=\"text-editor.default\">\n\t\t\t\t<div class=\"elementor-widget-container\">\n\t\t\t\t\t\t\t\t\t<h4 class=\"translation-block\">On April 25th, at the Salle de Bal du March\u00e9 Bonsecours, the 42nd Gala Gutenberg took place. A wonderful atmosphere prevailed at the Cocktail Reception and the evening awards ceremony of the prestigious Gutenberg trophies. We celebrated 42 years of print excellence.<\/h4>\n<h4 class=\"translation-block\">The Gutenberg continues to bring the industry together, raise the bar for printers, and help push our limits. It highlights the talent, creativity and know-how of its craftsmen. But it would not be what it is without the constant and generous support of our precious partners: <strong>you!<\/strong><\/h4>\t\t\t\t\t\t\t\t<\/div>\n\t\t\t\t<\/div>\n\t\t\t\t<div class=\"elementor-element elementor-element-a618241 elementor-widget elementor-widget-text-editor\" data-id=\"a618241\" data-element_type=\"widget\" data-e-type=\"widget\" data-widget_type=\"text-editor.default\">\n\t\t\t\t<div class=\"elementor-widget-container\">\n\t\t\t\t\t\t\t\t\t<h3>Your support is essential to the success of the Gala.<\/h3>\n<h4>We hope you will join us in this great event, this celebration of our beautiful Industry!<\/h4>\n<h4>We look forward to hearing from you. We welcome your comments and ideas.<\/h4>\n<h4>Gutenberg 2023 results, images and videos of the winners are available under\u00a0<a href=\"https:\/\/galagutenberg.ca\/en\/gala-2023\/\"><b>Gala 2023<\/b><\/a><\/h4>\n<h4><\/h4>\t\t\t\t\t\t\t\t<\/div>\n\t\t\t\t<\/div>\n\t\t\t\t<div class=\"elementor-element elementor-element-4b69374 elementor-widget elementor-widget-text-editor\" data-id=\"4b69374\" data-element_type=\"widget\" data-e-type=\"widget\" data-widget_type=\"text-editor.default\">\n\t\t\t\t<div class=\"elementor-widget-container\">\n\t\t\t\t\t\t\t\t\t<h4><b>For more informations:<\/b> <a href=\"mailto:helene.pageau@i-ci.ca\"><span style=\"color: #3a3a3a;\">helene.pageau@i-ci.ca<\/span><\/a><\/h4>\t\t\t\t\t\t\t\t<\/div>\n\t\t\t\t<\/div>\n\t\t\t\t\t<\/div>\n\t\t<\/div>\n\t\t\t\t<div class=\"elementor-column elementor-col-50 elementor-inner-column elementor-element elementor-element-5129917\" data-id=\"5129917\" data-element_type=\"column\" data-e-type=\"column\">\n\t\t\t<div class=\"elementor-widget-wrap elementor-element-populated\">\n\t\t\t\t\t\t<div class=\"elementor-element elementor-element-d42f017 elementor-widget elementor-widget-image\" data-id=\"d42f017\" data-element_type=\"widget\" data-e-type=\"widget\" data-widget_type=\"image.default\">\n\t\t\t\t<div class=\"elementor-widget-container\">\n\t\t\t\t\t\t\t\t\t\t\t\t\t\t\t<img decoding=\"async\" width=\"156\" height=\"300\" src=\"https:\/\/galagutenberg.ca\/wp-content\/uploads\/2023\/08\/G_logo_2024_accueil-156x300.png\" class=\"attachment-medium size-medium wp-image-11386\" alt=\"\" srcset=\"https:\/\/galagutenberg.ca\/wp-content\/uploads\/2023\/08\/G_logo_2024_accueil-156x300.png 156w, https:\/\/galagutenberg.ca\/wp-content\/uploads\/2023\/08\/G_logo_2024_accueil-532x1024.png 532w, https:\/\/galagutenberg.ca\/wp-content\/uploads\/2023\/08\/G_logo_2024_accueil-768x1480.png 768w, https:\/\/galagutenberg.ca\/wp-content\/uploads\/2023\/08\/G_logo_2024_accueil-797x1536.png 797w, https:\/\/galagutenberg.ca\/wp-content\/uploads\/2023\/08\/G_logo_2024_accueil-6x12.png 6w, https:\/\/galagutenberg.ca\/wp-content\/uploads\/2023\/08\/G_logo_2024_accueil.png 1020w\" sizes=\"(max-width: 156px) 100vw, 156px\" \/>\t\t\t\t\t\t\t\t\t\t\t\t\t\t\t<\/div>\n\t\t\t\t<\/div>\n\t\t\t\t\t<\/div>\n\t\t<\/div>\n\t\t\t\t\t<\/div>\n\t\t<\/section>\n\t\t\t\t<div class=\"elementor-element elementor-element-509e30c elementor-widget elementor-widget-spacer\" data-id=\"509e30c\" data-element_type=\"widget\" data-e-type=\"widget\" data-widget_type=\"spacer.default\">\n\t\t\t\t<div class=\"elementor-widget-container\">\n\t\t\t\t\t\t\t<div class=\"elementor-spacer\">\n\t\t\t<div class=\"elementor-spacer-inner\"><\/div>\n\t\t<\/div>\n\t\t\t\t\t\t<\/div>\n\t\t\t\t<\/div>\n\t\t\t\t\t<\/div>\n\t\t<\/div>\n\t\t\t\t\t<\/div>\n\t\t<\/section>\n\t\t<div class=\"elementor-element elementor-element-96879db e-flex e-con-boxed e-con e-parent\" data-id=\"96879db\" data-element_type=\"container\" data-e-type=\"container\">\n\t\t\t\t\t<div class=\"e-con-inner\">\n\t\t\t\t\t<\/div>\n\t\t\t\t<\/div>\n\t\t\t\t<\/div>","protected":false},"excerpt":{"rendered":"<p>PLAN DE PARTENARIAT Consultez le plan de partenariat 2026 Le 44e Gala Gutenberg aura lieu au March\u00e9 Bonsecours le jeudi 28 mai 2026 et sera LA c\u00e9l\u00e9bration de notre industrie en 2026. Le 29 mai dernier avait lieu, \u00e0 la Salle de Bal du March\u00e9 Bonsecours \u00e0 Montr\u00e9al, le 43e Gala Gutenberg. Plus de 450 [&hellip;]<\/p>\n","protected":false},"author":2,"featured_media":0,"parent":0,"menu_order":0,"comment_status":"closed","ping_status":"closed","template":"","meta":{"site-sidebar-layout":"no-sidebar","site-content-layout":"page-builder","ast-site-content-layout":"full-width-container","site-content-style":"unboxed","site-sidebar-style":"unboxed","ast-global-header-display":"","ast-banner-title-visibility":"","ast-main-header-display":"","ast-hfb-above-header-display":"","ast-hfb-below-header-display":"","ast-hfb-mobile-header-display":"","site-post-title":"disabled","ast-breadcrumbs-content":"","ast-featured-img":"disabled","footer-sml-layout":"","ast-disable-related-posts":"","theme-transparent-header-meta":"default","adv-header-id-meta":"","stick-header-meta":"","header-above-stick-meta":"","header-main-stick-meta":"","header-below-stick-meta":"","astra-migrate-meta-layouts":"set","ast-page-background-enabled":"default","ast-page-background-meta":{"desktop":{"background-color":"","background-image":"","background-repeat":"repeat","background-position":"center center","background-size":"auto","background-attachment":"scroll","background-type":"","background-media":"","overlay-type":"","overlay-color":"","overlay-opacity":"","overlay-gradient":""},"tablet":{"background-color":"","background-image":"","background-repeat":"repeat","background-position":"center center","background-size":"auto","background-attachment":"scroll","background-type":"","background-media":"","overlay-type":"","overlay-color":"","overlay-opacity":"","overlay-gradient":""},"mobile":{"background-color":"","background-image":"","background-repeat":"repeat","background-position":"center center","background-size":"auto","background-attachment":"scroll","background-type":"","background-media":"","overlay-type":"","overlay-color":"","overlay-opacity":"","overlay-gradient":""}},"ast-content-background-meta":{"desktop":{"background-color":"var(--ast-global-color-5)","background-image":"","background-repeat":"repeat","background-position":"center center","background-size":"auto","background-attachment":"scroll","background-type":"","background-media":"","overlay-type":"","overlay-color":"","overlay-opacity":"","overlay-gradient":""},"tablet":{"background-color":"var(--ast-global-color-5)","background-image":"","background-repeat":"repeat","background-position":"center center","background-size":"auto","background-attachment":"scroll","background-type":"","background-media":"","overlay-type":"","overlay-color":"","overlay-opacity":"","overlay-gradient":""},"mobile":{"background-color":"var(--ast-global-color-5)","background-image":"","background-repeat":"repeat","background-position":"center center","background-size":"auto","background-attachment":"scroll","background-type":"","background-media":"","overlay-type":"","overlay-color":"","overlay-opacity":"","overlay-gradient":""}},"ngg_post_thumbnail":0,"footnotes":""},"class_list":["post-71","page","type-page","status-publish","hentry"],"yoast_head":"<!-- This site is optimized with the Yoast SEO plugin v27.4 - https:\/\/yoast.com\/product\/yoast-seo-wordpress\/ -->\n<title>Plan de partenariat - Gala Gutenberg<\/title>\n<meta name=\"robots\" content=\"index, follow, max-snippet:-1, max-image-preview:large, max-video-preview:-1\" \/>\n<link rel=\"canonical\" href=\"https:\/\/galagutenberg.ca\/en\/plan-de-partenariat\/\" \/>\n<meta property=\"og:locale\" content=\"en_US\" \/>\n<meta property=\"og:type\" content=\"article\" \/>\n<meta property=\"og:title\" content=\"Plan de partenariat - Gala Gutenberg\" \/>\n<meta property=\"og:description\" content=\"PLAN DE PARTENARIAT Consultez le plan de partenariat 2026 Le 44e Gala Gutenberg aura lieu au March\u00e9 Bonsecours le jeudi 28 mai 2026 et sera LA c\u00e9l\u00e9bration de notre industrie en 2026. Le 29 mai dernier avait lieu, \u00e0 la Salle de Bal du March\u00e9 Bonsecours \u00e0 Montr\u00e9al, le 43e Gala Gutenberg. Plus de 450 [&hellip;]\" \/>\n<meta property=\"og:url\" content=\"https:\/\/galagutenberg.ca\/en\/plan-de-partenariat\/\" \/>\n<meta property=\"og:site_name\" content=\"Gala Gutenberg\" \/>\n<meta property=\"article:modified_time\" content=\"2026-01-12T19:18:06+00:00\" \/>\n<meta property=\"og:image\" content=\"https:\/\/galagutenberg.ca\/wp-content\/uploads\/elementor\/thumbs\/G_logo_2026_CMYK-ral2194q61uzppkhrcyv8iptaznda32tr05rclh3b4.png\" \/>\n<meta name=\"twitter:card\" content=\"summary_large_image\" \/>\n<meta name=\"twitter:label1\" content=\"Est. reading time\" \/>\n\t<meta name=\"twitter:data1\" content=\"3 minutes\" \/>\n<script type=\"application\/ld+json\" class=\"yoast-schema-graph\">{\"@context\":\"https:\\\/\\\/schema.org\",\"@graph\":[{\"@type\":\"WebPage\",\"@id\":\"https:\\\/\\\/galagutenberg.ca\\\/plan-de-partenariat\\\/\",\"url\":\"https:\\\/\\\/galagutenberg.ca\\\/plan-de-partenariat\\\/\",\"name\":\"Plan de partenariat - Gala Gutenberg\",\"isPartOf\":{\"@id\":\"https:\\\/\\\/galagutenberg.ca\\\/#website\"},\"primaryImageOfPage\":{\"@id\":\"https:\\\/\\\/galagutenberg.ca\\\/plan-de-partenariat\\\/#primaryimage\"},\"image\":{\"@id\":\"https:\\\/\\\/galagutenberg.ca\\\/plan-de-partenariat\\\/#primaryimage\"},\"thumbnailUrl\":\"https:\\\/\\\/galagutenberg.ca\\\/wp-content\\\/uploads\\\/elementor\\\/thumbs\\\/G_logo_2026_CMYK-ral2194q61uzppkhrcyv8iptaznda32tr05rclh3b4.png\",\"datePublished\":\"2020-07-08T19:14:23+00:00\",\"dateModified\":\"2026-01-12T19:18:06+00:00\",\"breadcrumb\":{\"@id\":\"https:\\\/\\\/galagutenberg.ca\\\/plan-de-partenariat\\\/#breadcrumb\"},\"inLanguage\":\"en-CA\",\"potentialAction\":[{\"@type\":\"ReadAction\",\"target\":[\"https:\\\/\\\/galagutenberg.ca\\\/plan-de-partenariat\\\/\"]}]},{\"@type\":\"ImageObject\",\"inLanguage\":\"en-CA\",\"@id\":\"https:\\\/\\\/galagutenberg.ca\\\/plan-de-partenariat\\\/#primaryimage\",\"url\":\"https:\\\/\\\/galagutenberg.ca\\\/wp-content\\\/uploads\\\/elementor\\\/thumbs\\\/G_logo_2026_CMYK-ral2194q61uzppkhrcyv8iptaznda32tr05rclh3b4.png\",\"contentUrl\":\"https:\\\/\\\/galagutenberg.ca\\\/wp-content\\\/uploads\\\/elementor\\\/thumbs\\\/G_logo_2026_CMYK-ral2194q61uzppkhrcyv8iptaznda32tr05rclh3b4.png\"},{\"@type\":\"BreadcrumbList\",\"@id\":\"https:\\\/\\\/galagutenberg.ca\\\/plan-de-partenariat\\\/#breadcrumb\",\"itemListElement\":[{\"@type\":\"ListItem\",\"position\":1,\"name\":\"Accueil\",\"item\":\"https:\\\/\\\/galagutenberg.ca\\\/\"},{\"@type\":\"ListItem\",\"position\":2,\"name\":\"Plan de partenariat\"}]},{\"@type\":\"WebSite\",\"@id\":\"https:\\\/\\\/galagutenberg.ca\\\/#website\",\"url\":\"https:\\\/\\\/galagutenberg.ca\\\/\",\"name\":\"Gala Gutenberg\",\"description\":\"\",\"potentialAction\":[{\"@type\":\"SearchAction\",\"target\":{\"@type\":\"EntryPoint\",\"urlTemplate\":\"https:\\\/\\\/galagutenberg.ca\\\/?s={search_term_string}\"},\"query-input\":{\"@type\":\"PropertyValueSpecification\",\"valueRequired\":true,\"valueName\":\"search_term_string\"}}],\"inLanguage\":\"en-CA\"}]}<\/script>\n<!-- \/ Yoast SEO plugin. -->","yoast_head_json":{"title":"Plan de partenariat - Gala Gutenberg","robots":{"index":"index","follow":"follow","max-snippet":"max-snippet:-1","max-image-preview":"max-image-preview:large","max-video-preview":"max-video-preview:-1"},"canonical":"https:\/\/galagutenberg.ca\/en\/plan-de-partenariat\/","og_locale":"en_US","og_type":"article","og_title":"Plan de partenariat - Gala Gutenberg","og_description":"PLAN DE PARTENARIAT Consultez le plan de partenariat 2026 Le 44e Gala Gutenberg aura lieu au March\u00e9 Bonsecours le jeudi 28 mai 2026 et sera LA c\u00e9l\u00e9bration de notre industrie en 2026. Le 29 mai dernier avait lieu, \u00e0 la Salle de Bal du March\u00e9 Bonsecours \u00e0 Montr\u00e9al, le 43e Gala Gutenberg. Plus de 450 [&hellip;]","og_url":"https:\/\/galagutenberg.ca\/en\/plan-de-partenariat\/","og_site_name":"Gala Gutenberg","article_modified_time":"2026-01-12T19:18:06+00:00","og_image":[{"url":"https:\/\/galagutenberg.ca\/wp-content\/uploads\/elementor\/thumbs\/G_logo_2026_CMYK-ral2194q61uzppkhrcyv8iptaznda32tr05rclh3b4.png","type":"","width":"","height":""}],"twitter_card":"summary_large_image","twitter_misc":{"Est. reading time":"3 minutes"},"schema":{"@context":"https:\/\/schema.org","@graph":[{"@type":"WebPage","@id":"https:\/\/galagutenberg.ca\/plan-de-partenariat\/","url":"https:\/\/galagutenberg.ca\/plan-de-partenariat\/","name":"Plan de partenariat - Gala Gutenberg","isPartOf":{"@id":"https:\/\/galagutenberg.ca\/#website"},"primaryImageOfPage":{"@id":"https:\/\/galagutenberg.ca\/plan-de-partenariat\/#primaryimage"},"image":{"@id":"https:\/\/galagutenberg.ca\/plan-de-partenariat\/#primaryimage"},"thumbnailUrl":"https:\/\/galagutenberg.ca\/wp-content\/uploads\/elementor\/thumbs\/G_logo_2026_CMYK-ral2194q61uzppkhrcyv8iptaznda32tr05rclh3b4.png","datePublished":"2020-07-08T19:14:23+00:00","dateModified":"2026-01-12T19:18:06+00:00","breadcrumb":{"@id":"https:\/\/galagutenberg.ca\/plan-de-partenariat\/#breadcrumb"},"inLanguage":"en-CA","potentialAction":[{"@type":"ReadAction","target":["https:\/\/galagutenberg.ca\/plan-de-partenariat\/"]}]},{"@type":"ImageObject","inLanguage":"en-CA","@id":"https:\/\/galagutenberg.ca\/plan-de-partenariat\/#primaryimage","url":"https:\/\/galagutenberg.ca\/wp-content\/uploads\/elementor\/thumbs\/G_logo_2026_CMYK-ral2194q61uzppkhrcyv8iptaznda32tr05rclh3b4.png","contentUrl":"https:\/\/galagutenberg.ca\/wp-content\/uploads\/elementor\/thumbs\/G_logo_2026_CMYK-ral2194q61uzppkhrcyv8iptaznda32tr05rclh3b4.png"},{"@type":"BreadcrumbList","@id":"https:\/\/galagutenberg.ca\/plan-de-partenariat\/#breadcrumb","itemListElement":[{"@type":"ListItem","position":1,"name":"Accueil","item":"https:\/\/galagutenberg.ca\/"},{"@type":"ListItem","position":2,"name":"Plan de partenariat"}]},{"@type":"WebSite","@id":"https:\/\/galagutenberg.ca\/#website","url":"https:\/\/galagutenberg.ca\/","name":"Gala Gutenberg","description":"","potentialAction":[{"@type":"SearchAction","target":{"@type":"EntryPoint","urlTemplate":"https:\/\/galagutenberg.ca\/?s={search_term_string}"},"query-input":{"@type":"PropertyValueSpecification","valueRequired":true,"valueName":"search_term_string"}}],"inLanguage":"en-CA"}]}},"_links":{"self":[{"href":"https:\/\/galagutenberg.ca\/en\/wp-json\/wp\/v2\/pages\/71","targetHints":{"allow":["GET"]}}],"collection":[{"href":"https:\/\/galagutenberg.ca\/en\/wp-json\/wp\/v2\/pages"}],"about":[{"href":"https:\/\/galagutenberg.ca\/en\/wp-json\/wp\/v2\/types\/page"}],"author":[{"embeddable":true,"href":"https:\/\/galagutenberg.ca\/en\/wp-json\/wp\/v2\/users\/2"}],"replies":[{"embeddable":true,"href":"https:\/\/galagutenberg.ca\/en\/wp-json\/wp\/v2\/comments?post=71"}],"version-history":[{"count":535,"href":"https:\/\/galagutenberg.ca\/en\/wp-json\/wp\/v2\/pages\/71\/revisions"}],"predecessor-version":[{"id":18771,"href":"https:\/\/galagutenberg.ca\/en\/wp-json\/wp\/v2\/pages\/71\/revisions\/18771"}],"wp:attachment":[{"href":"https:\/\/galagutenberg.ca\/en\/wp-json\/wp\/v2\/media?parent=71"}],"curies":[{"name":"wp","href":"https:\/\/api.w.org\/{rel}","templated":true}]}}